{"id":878,"date":"2023-11-10T00:15:13","date_gmt":"2023-11-09T15:15:13","guid":{"rendered":"https:\/\/roadbridge-tokyo.com\/wp\/?page_id=878"},"modified":"2023-11-10T00:57:22","modified_gmt":"2023-11-09T15:57:22","slug":"inquiry","status":"publish","type":"page","link":"https:\/\/roadbridge-tokyo.com\/vi\/inquiry\/","title":{"rendered":"T\u01b0 v\u1ea5n, gi\u1ea3i \u0111\u00e1p th\u1eafc m\u1eafc"},"content":{"rendered":"\n<div class=\"wpcf7 no-js\" id=\"wpcf7-f874-o1\" lang=\"ja\" dir=\"ltr\" data-wpcf7-id=\"874\">\n<div class=\"screen-reader-response\"><p role=\"status\" aria-live=\"polite\" aria-atomic=\"true\"><\/p> <ul><\/ul><\/div>\n<form action=\"\/vi\/wp-json\/wp\/v2\/pages\/878#wpcf7-f874-o1\" method=\"post\" class=\"wpcf7-form init h-adr\" aria-label=\"\u30b3\u30f3\u30bf\u30af\u30c8\u30d5\u30a9\u30fc\u30e0\" enctype=\"multipart\/form-data\" novalidate=\"novalidate\" data-status=\"init\">\n<fieldset class=\"hidden-fields-container\"><input type=\"hidden\" name=\"_wpcf7\" value=\"874\" \/><input type=\"hidden\" name=\"_wpcf7_version\" value=\"6.1.5\" \/><input type=\"hidden\" name=\"_wpcf7_locale\" value=\"ja\" \/><input type=\"hidden\" name=\"_wpcf7_unit_tag\" value=\"wpcf7-f874-o1\" \/><input type=\"hidden\" name=\"_wpcf7_container_post\" value=\"0\" \/><input type=\"hidden\" name=\"_wpcf7_posted_data_hash\" value=\"\" \/><input type=\"hidden\" name=\"_wpcf7_recaptcha_response\" value=\"\" \/>\n<\/fieldset>\n<div class=\"wrapper\">\n\t<div class=\"text form\">\n\t\t<table class=\"normal smartphone\">\n\t\t\t<tr>\n\t\t\t\t<th>\n\t\t\t\t\t<p>T\u00ean c\u00f4ng ty<span class=\"hissu\">Y\u00eau c\u1ea7u<\/span>\n\t\t\t\t\t<\/p>\n\t\t\t\t<\/th>\n\t\t\t\t<td>\n\t\t\t\t\t<p><span class=\"wpcf7-form-control-wrap\" data-name=\"companyname\"><input size=\"40\" maxlength=\"400\" class=\"wpcf7-form-control wpcf7-text wpcf7-validates-as-required\" aria-required=\"true\" aria-invalid=\"false\" value=\"\" type=\"text\" name=\"companyname\" \/><\/span>\n\t\t\t\t\t<\/p>\n\t\t\t\t<\/td>\n\t\t\t<\/tr>\n\t\t\t<tr>\n\t\t\t\t<th>\n\t\t\t\t\t<p>T\u00ean b\u1ed9 ph\u1eadn tr\u1ef1c thu\u1ed9c <span class=\"hissu\">Y\u00eau c\u1ea7u<\/span>\n\t\t\t\t\t<\/p>\n\t\t\t\t<\/th>\n\t\t\t\t<td>\n\t\t\t\t\t<p><span class=\"wpcf7-form-control-wrap\" data-name=\"busho\"><input size=\"40\" maxlength=\"400\" class=\"wpcf7-form-control wpcf7-text wpcf7-validates-as-required\" aria-required=\"true\" aria-invalid=\"false\" value=\"\" type=\"text\" name=\"busho\" \/><\/span>\n\t\t\t\t\t<\/p>\n\t\t\t\t<\/td>\n\t\t\t<\/tr>\n\t\t\t<tr>\n\t\t\t\t<th>\n\t\t\t\t\t<p>Ch\u1ee9c v\u1ee5\n\t\t\t\t\t<\/p>\n\t\t\t\t<\/th>\n\t\t\t\t<td>\n\t\t\t\t\t<p><span class=\"wpcf7-form-control-wrap\" data-name=\"yakushoku\"><input size=\"40\" maxlength=\"400\" class=\"wpcf7-form-control wpcf7-text\" aria-invalid=\"false\" value=\"\" type=\"text\" name=\"yakushoku\" \/><\/span>\n\t\t\t\t\t<\/p>\n\t\t\t\t<\/td>\n\t\t\t<\/tr>\n\t\t\t<tr>\n\t\t\t\t<th>\n\t\t\t\t\t<p>H\u1ecd v\u00e0 t\u00ean<span class=\"hissu\">Y\u00eau c\u1ea7u<\/span>\n\t\t\t\t\t<\/p>\n\t\t\t\t<\/th>\n\t\t\t\t<td>\n\t\t\t\t\t<p><span class=\"wpcf7-form-control-wrap\" data-name=\"username\"><input size=\"40\" maxlength=\"400\" class=\"wpcf7-form-control wpcf7-text wpcf7-validates-as-required\" aria-required=\"true\" aria-invalid=\"false\" value=\"\" type=\"text\" name=\"username\" \/><\/span>\n\t\t\t\t\t<\/p>\n\t\t\t\t<\/td>\n\t\t\t<\/tr>\n\t\t\t<tr>\n\t\t\t\t<th>\n\t\t\t\t\t<p>E-mail <span class=\"hissu\">Y\u00eau c\u1ea7u<\/span>\n\t\t\t\t\t<\/p>\n\t\t\t\t<\/th>\n\t\t\t\t<td>\n\t\t\t\t\t<p><span class=\"wpcf7-form-control-wrap\" data-name=\"usermail\"><input size=\"40\" maxlength=\"400\" class=\"wpcf7-form-control wpcf7-email wpcf7-validates-as-required wpcf7-text wpcf7-validates-as-email\" aria-required=\"true\" aria-invalid=\"false\" value=\"\" type=\"email\" name=\"usermail\" \/><\/span>\n\t\t\t\t\t<\/p>\n\t\t\t\t<\/td>\n\t\t\t<\/tr>\n\t\t\t<tr>\n\t\t\t\t<th>\n\t\t\t\t\t<p>S\u1ed1 \u0111i\u1ec7n tho\u1ea1i<span class=\"hissu\">Y\u00eau c\u1ea7u<\/span>\n\t\t\t\t\t<\/p>\n\t\t\t\t<\/th>\n\t\t\t\t<td>\n\t\t\t\t\t<p><span class=\"wpcf7-form-control-wrap\" data-name=\"phone\"><input size=\"40\" maxlength=\"400\" class=\"wpcf7-form-control wpcf7-tel wpcf7-validates-as-required wpcf7-text wpcf7-validates-as-tel\" aria-required=\"true\" aria-invalid=\"false\" value=\"\" type=\"tel\" name=\"phone\" \/><\/span>\n\t\t\t\t\t<\/p>\n\t\t\t\t<\/td>\n\t\t\t<\/tr>\n\t\t\t<tr>\n\t\t\t\t<th>\n\t\t\t\t\t<p>FAX\n\t\t\t\t\t<\/p>\n\t\t\t\t<\/th>\n\t\t\t\t<td>\n\t\t\t\t\t<p><span class=\"wpcf7-form-control-wrap\" data-name=\"fax\"><input size=\"40\" maxlength=\"400\" class=\"wpcf7-form-control wpcf7-tel wpcf7-text wpcf7-validates-as-tel\" aria-invalid=\"false\" value=\"\" type=\"tel\" name=\"fax\" \/><\/span>\n\t\t\t\t\t<\/p>\n\t\t\t\t<\/td>\n\t\t\t<\/tr>\n\t\t\t<tr>\n\t\t\t\t<th>\n\t\t\t\t\t<p>\u0110\u1ecba ch\u1ec9<span class=\"hissu\">Y\u00eau c\u1ea7u<\/span>\n\t\t\t\t\t<\/p>\n\t\t\t\t<\/th>\n\t\t\t\t<td class=\"h-adr\">\n\t\t\t\t\t<p><span class=\"wpcf7-form-control-wrap\" data-name=\"address2\"><input size=\"40\" maxlength=\"400\" class=\"wpcf7-form-control wpcf7-text wpcf7-validates-as-required\" aria-required=\"true\" aria-invalid=\"false\" value=\"\" type=\"text\" name=\"address2\" \/><\/span>\n\t\t\t\t\t<\/p>\n\t\t\t\t<\/td>\n\t\t\t<\/tr>\n\t\t\t<tr>\n\t\t\t\t<th>\n\t\t\t\t\t<p>Li\u00ean h\u1ec7\n\t\t\t\t\t<\/p>\n\t\t\t\t<\/th>\n\t\t\t\t<td>\n\t\t\t\t\t<p><span class=\"wpcf7-form-control-wrap\" data-name=\"koumoku\"><span class=\"wpcf7-form-control wpcf7-checkbox\"><span class=\"wpcf7-list-item first\"><label><input type=\"checkbox\" name=\"koumoku[]\" value=\"\u01af\u1edbc l\u01b0\u1ee3ng\" \/><span class=\"wpcf7-list-item-label\">\u01af\u1edbc l\u01b0\u1ee3ng<\/span><\/label><\/span><span class=\"wpcf7-list-item\"><label><input type=\"checkbox\" name=\"koumoku[]\" value=\"T\u01b0 v\u1ea5n k\u1ef9 thu\u1eadt\" \/><span class=\"wpcf7-list-item-label\">T\u01b0 v\u1ea5n k\u1ef9 thu\u1eadt<\/span><\/label><\/span><span class=\"wpcf7-list-item last\"><label><input type=\"checkbox\" name=\"koumoku[]\" value=\"Ng\u01b0\u1eddi kh\u00e1c\" \/><span class=\"wpcf7-list-item-label\">Ng\u01b0\u1eddi kh\u00e1c<\/span><\/label><\/span><\/span><\/span>\n\t\t\t\t\t<\/p>\n\t\t\t\t<\/td>\n\t\t\t<\/tr>\n\t\t\t<tr>\n\t\t\t\t<th>\n\t\t\t\t\t<p>T\u1ea3i t\u1eadp tin l\u00ean\n\t\t\t\t\t<\/p>\n\t\t\t\t<\/th>\n\t\t\t\t<td>\n\t\t\t\t\t<p>B\u1ea1n c\u00f3 th\u1ec3 g\u1eedi t\u1ec7p PDF v\u00e0 h\u00ecnh \u1ea3nh. K\u00edch th\u01b0\u1edbc t\u1ea3i l\u00ean t\u1ed1i \u0111a l\u00e0 5 MB.<br \/>\n<span class=\"wpcf7-form-control-wrap\" data-name=\"filesup\"><input size=\"40\" class=\"wpcf7-form-control wpcf7-file\" accept=\"audio\/*,video\/*,image\/*\" aria-invalid=\"false\" type=\"file\" name=\"filesup\" \/><\/span>\n\t\t\t\t\t<\/p>\n\t\t\t\t<\/td>\n\t\t\t<\/tr>\n\t\t\t<tr>\n\t\t\t\t<th>\n\t\t\t\t\t<p>N\u1ed9i dung trao \u0111\u1ed5i<span class=\"hissu\">Y\u00eau c\u1ea7u<\/span>\n\t\t\t\t\t<\/p>\n\t\t\t\t<\/th>\n\t\t\t\t<td>\n\t\t\t\t\t<p><span class=\"wpcf7-form-control-wrap\" data-name=\"message\"><textarea cols=\"40\" rows=\"10\" maxlength=\"2000\" class=\"wpcf7-form-control wpcf7-textarea wpcf7-validates-as-required\" aria-required=\"true\" aria-invalid=\"false\" name=\"message\"><\/textarea><\/span>\n\t\t\t\t\t<\/p>\n\t\t\t\t<\/td>\n\t\t\t<\/tr>\n\t\t<\/table>\n\t\t<p class=\"textCenter\"><span class=\"wpcf7-form-control-wrap\" data-name=\"doui\"><span class=\"wpcf7-form-control wpcf7-checkbox wpcf7-validates-as-required\"><span class=\"wpcf7-list-item first last\"><label><input type=\"checkbox\" name=\"doui[]\" value=\"T\u00f4i \u0111\u00e3 x\u00e1c nh\u1eadn n\u1ed9i dung b\u1ea1n g\u1eedi.\" \/><span class=\"wpcf7-list-item-label\">T\u00f4i \u0111\u00e3 x\u00e1c nh\u1eadn n\u1ed9i dung b\u1ea1n g\u1eedi.<\/span><\/label><\/span><\/span><\/span>\n\t\t<\/p>\n\t\t<p class=\"btnSend\"><input class=\"wpcf7-form-control wpcf7-submit has-spinner\" type=\"submit\" value=\"G\u1eedi\" \/>\n\t\t<\/p>\n\t<\/div>\n<\/div><div class=\"wpcf7-response-output\" aria-hidden=\"true\"><\/div>\n<\/form>\n<\/div>\n\n","protected":false},"excerpt":{"rendered":"","protected":false},"author":4,"featured_media":0,"parent":0,"menu_order":4,"comment_status":"closed","ping_status":"closed","template":"","meta":{"_acf_changed":false,"om_disable_all_campaigns":false,"_monsterinsights_skip_tracking":false,"_monsterinsights_sitenote_active":false,"_monsterinsights_sitenote_note":"","_monsterinsights_sitenote_category":0,"_locale":"vi","_original_post":"http:\/\/tobel.s53.coreserver.jp\/roadbridge-tokyo.com\/wp\/?page_id=233","footnotes":""},"class_list":["post-878","page","type-page","status-publish","hentry","vi"],"acf":[],"aioseo_notices":[],"_links":{"self":[{"href":"https:\/\/roadbridge-tokyo.com\/wp-json\/wp\/v2\/pages\/878","targetHints":{"allow":["GET"]}}],"collection":[{"href":"https:\/\/roadbridge-tokyo.com\/wp-json\/wp\/v2\/pages"}],"about":[{"href":"https:\/\/roadbridge-tokyo.com\/wp-json\/wp\/v2\/types\/page"}],"author":[{"embeddable":true,"href":"https:\/\/roadbridge-tokyo.com\/wp-json\/wp\/v2\/users\/4"}],"replies":[{"embeddable":true,"href":"https:\/\/roadbridge-tokyo.com\/wp-json\/wp\/v2\/comments?post=878"}],"version-history":[{"count":2,"href":"https:\/\/roadbridge-tokyo.com\/wp-json\/wp\/v2\/pages\/878\/revisions"}],"predecessor-version":[{"id":890,"href":"https:\/\/roadbridge-tokyo.com\/wp-json\/wp\/v2\/pages\/878\/revisions\/890"}],"wp:attachment":[{"href":"https:\/\/roadbridge-tokyo.com\/wp-json\/wp\/v2\/media?parent=878"}],"curies":[{"name":"wp","href":"https:\/\/api.w.org\/{rel}","templated":true}]}}