{"id":869,"date":"2023-11-10T00:08:40","date_gmt":"2023-11-09T15:08:40","guid":{"rendered":"https:\/\/roadbridge-tokyo.com\/wp\/?page_id=869"},"modified":"2026-03-17T20:28:49","modified_gmt":"2026-03-17T11:28:49","slug":"company","status":"publish","type":"page","link":"https:\/\/roadbridge-tokyo.com\/vi\/company\/","title":{"rendered":"Gi\u1edbi thi\u1ec7u C\u00f4ng ty"},"content":{"rendered":"<p>&nbsp;<\/p>\n<section class=\"wrapper section\">\n<div class=\"text20\">\n<h1>Gi\u1edbi thi\u1ec7u C\u00f4ng ty<\/h1>\n<table class=\"normal smartphone\">\n<tbody>\n<tr>\n<th>Th\u01b0\u01a1ng hi\u1ec7u<\/th>\n<td>TOKYO BELT CO.,LTD<\/td>\n<\/tr>\n<tr>\n<th>S\u00e1ng l\u1eadp<\/th>\n<td>Th\u00e1ng 5 n\u0103m 1946<\/td>\n<\/tr>\n<tr>\n<th>Th\u00e0nh l\u1eadp c\u00f4ng ty<\/th>\n<td>Th\u00e1ng 11 n\u0103m 1990<\/td>\n<\/tr>\n<tr>\n<th>Ng\u01b0\u1eddi \u0111\u1ea1i di\u1ec7n <\/th>\n<td>Gi\u00e1m \u0111\u1ed1c Jun Maeda <\/td>\n<\/tr>\n<tr>\n<th>V\u1ed1n <\/th>\n<td>50 tri\u1ec7u y\u00ean<\/td>\n<\/tr>\n<tr>\n<th>N\u1ed9i dung kinh doanh<\/th>\n<td>\n<h3 class=\"image_line\">\u30d7\u30ed\u3068\u3057\u3066\u300c\u3082\u306e\u3065\u304f\u308a\u300d\u3092\u652f\u3048\u308b<\/h3>\n<p>&nbsp;<\/p>\n<p class=\"pb_15\">\u3000\u5f0a\u793e\u306f1946\u5e74\u306e\u5275\u696d\u4ee5\u6765\u3001\u3082\u306e\u3065\u304f\u308a\u306e\u304a\u5ba2\u69d8\u306b\u5de5\u696d\u7528\u90e8\u54c1\u30fb\u8a2d\u5099\u6a5f\u5668\u3092\u3054\u63d0\u4f9b\u3057\u3066\u53c2\u308a\u307e\u3057\u305f\u3002\u300c\u60c5\u5831\u3092\u304b\u305f\u3061\u306b\u300d\u3092\u5408\u8a00\u8449\u306b\u30bb\u30fc\u30eb\u30b9\u30a8\u30f3\u30b8\u30cb\u30a2\u306e\u80b2\u6210\u306b\u52aa\u3081\u3001\u304a\u5ba2\u69d8\u306e\u304a\u56f0\u308a\u3054\u3068\u89e3\u6c7a\u306b\u6700\u9069\u306a\u5546\u54c1\u3001\u65b0\u88fd\u54c1\u3001\u65b0\u6280\u8853\u306e\u30bd\u30ea\u30e5\u30fc\u30b7\u30e7\u30f3\u306e\u3054\u63d0\u4f9b\u306b\u529b\u3092\u5165\u308c\u3066\u53c2\u308a\u307e\u3057\u305f\u3002<\/p>\n<p class=\"pb_15\">\u3000\u9577\u5e74\u57f9\u3063\u305f\u300c\u30b3\u30a2\u30d7\u30ed\u30c0\u30af\u30c4\/\u30b3\u30a2\u6280\u8853\u300d\u3067\u3042\u308b\u90e8\u54c1\u52a0\u5de5\u30fb\u30d9\u30eb\u30c8\u30fb\u30db\u30fc\u30b9\u306f\u5546\u54c1\u5206\u91ce\u3092\u5e83\u3052\u3001\u73fe\u5728\u3067\u306f900\u30d6\u30e9\u30f3\u30c9\u4ee5\u4e0a\u3092\u53d6\u6271\u3044\u3001\u304a\u5ba2\u69d8\u306e\u5e83\u7bc4\u306a\u3054\u8981\u6c42\u306b\u304a\u7b54\u3048\u3059\u308b\u3054\u7528\u610f\u304c\u3067\u304d\u3066\u3044\u307e\u3059\u3002<\/p>\n<p class=\"pb_15\">\u3000\u5e02\u5834\u306e\u5909\u5316\u306b\u4f34\u3044\u3001\u5f0a\u793e\u306e\u4e8b\u696d\u5206\u91ce\u3082\u5e83\u304c\u308a\u3092\u898b\u305b\u3066\u3044\u307e\u3059\u3002<\/p>\n<p class=\"pb_15\">\u3000\u5de5\u5834\u81ea\u52d5\u5316\u30cb\u30fc\u30ba\u306b\u5bfe\u3057\u3066\u306f\u3001FA\u30d1\u30fc\u30c4\u30fb\u30ed\u30dc\u30c3\u30c8\u30e1\u30fc\u30ab\u30fc\u7b49\u3068\u30bf\u30a4\u30a2\u30c3\u30d7\u3057\u3001\u5c02\u4efb\u55b6\u696d\u30c1\u30fc\u30e0\u3092\u4f5c\u308a\u3001\u6d3b\u52d5\u3057\u3066\u3044\u307e\u3059\u3002\u7279\u306b\u591a\u54c1\u7a2e\u3067\u5546\u54c1\u5165\u66ff\u308a\u306e\u6fc0\u3057\u3044\u98df\u54c1\u30fb\u5316\u7ca7\u54c1\u30fb\u533b\u85ac\u54c1\u88fd\u9020\u696d\u7b49\u3067\u306f\u4eba\u306b\u983c\u308b\u5de5\u7a0b\u304c\u591a\u304f\u3001\u7701\u4eba\u5316\u30fb\u751f\u7523\u6027\u30a2\u30c3\u30d7\u304c\u5927\u304d\u306a\u8ab2\u984c\u306b\u306a\u3063\u3066\u3044\u307e\u3059\u3002<\/p>\n<p class=\"pb_15\">\u3000\u307e\u305f\u30a4\u30f3\u30d5\u30e9\u5206\u91ce\u3067\u306f\u7279\u306b\u8def\u9762\u88dc\u4fee\u30fb\u6a4b\u6881\u4f38\u7e2e\u88c5\u7f6e\u306b\u529b\u3092\u5165\u308c\u3066\u3044\u307e\u3059\u3002\u56fd\u5185\u3067\u306f\u9ad8\u5ea6\u6210\u9577\u671f\u306b\u4f5c\u3063\u305f\u9053\u8def\u3084\u6a4b\u306e\u9ad8\u9f62\u5316\u304c\u9032\u307f\u3001\u7dad\u6301\u7ba1\u7406\u304c\u5927\u304d\u306a\u30c6\u30fc\u30de\u306b\u306a\u3063\u3066\u3044\u307e\u3059\u3002\u5f0a\u793e\u3067\u306f\u9ad8\u8010\u4e45\u306e\u88dc\u4fee\u6750\u30fb\u5de5\u6cd5\u306e\u30e1\u30ea\u30c3\u30c8\u306e\u666e\u53ca\u6d3b\u52d5\u3092\u901a\u3058\u3001\u3053\u306e\u554f\u984c\u306b\u53d6\u308a\u7d44\u3093\u3067\u304a\u308a\u307e\u3059\u3002<\/p>\n<p>\u3000\u8131\u70ad\u7d20\u30fbSDGs\u3092\u57fa\u8ef8\u306b\u4e16\u754c\u306f\u52d5\u3044\u3066\u3044\u307e\u3059\u3002\u5f0a\u793e\u3082\u5fae\u529b\u306a\u304c\u3089\u3001\u30bb\u30fc\u30eb\u30b9\u30a8\u30f3\u30b8\u30cb\u30a2\u3092\u80b2\u3066\u304a\u5ba2\u69d8\u306e\u304a\u56f0\u308a\u3054\u3068\u89e3\u6c7a\u306b\u5168\u529b\u3092\u6367\u3052\u3001\u5de5\u5834\u5206\u91ce\u3001\u30a4\u30f3\u30d5\u30e9\u5206\u91ce\u306e\u4e21\u9762\u3067\u300c\u3082\u306e\u3065\u304f\u308a\u300d\u3092\u652f\u3048\u3001\u4e16\u754c\u7684\u306a\u8ab2\u984c\u306b\u5bfe\u5fdc\u3057\u3066\u53c2\u308a\u307e\u3059\u3002<\/td>\n<\/tr>\n<\/tbody>\n<\/table>\n<\/div>\n<\/section>\n<section class=\"wrapper section\">\n<h1>\u672c\u793e\u30fb\u5404\u4e8b\u696d\u6240<\/h1>\n<h2>\u672c\u793e<\/h2>\n<div class=\"text20\">\n<div class=\"layout_box\">\n<div class=\"box-item40 gmap\"><iframe loading=\"lazy\" style=\"border: 0;\" tabindex=\"0\" src=\"https:\/\/www.google.com\/maps\/embed?pb=!1m18!1m12!1m3!1d3239.403473344118!2d139.7816624152597!3d35.71629448018612!2m3!1f0!2f0!3f0!3m2!1i1024!2i768!4f13.1!3m3!1m2!1s0x60188e90b225315d%3A0xc42b4989ec287e88!2z44CSMTEwLTAwMTQg5p2x5Lqs6YO95Y-w5p2x5Yy65YyX5LiK6YeO77yS5LiB55uu77yU4oiS77yW!5e0!3m2!1sja!2sjp!4v1608118556069!5m2!1sja!2sjp\" width=\"600\" height=\"450\" frameborder=\"0\" allowfullscreen=\"allowfullscreen\" aria-hidden=\"false\"><\/iframe><\/div>\n<div class=\"box-item60 text\">\n<p>\u3012110-0014\u3000\u6771\u4eac\u90fd\u53f0\u6771\u533a\u5317\u4e0a\u91ce2\u4e01\u76ee4\u756a6\u53f7<br \/>\n\u3010\u55b6\u696d\u3011<br \/>\nTEL 03-3845-6141(\u4ee3\u8868\uff09<br \/>\nFAX 03-3845-1417<\/p>\n<h3 class=\"lv_h3\">ph\u01b0\u01a1ng ti\u1ec7n giao th\u00f4ng c\u00f4ng c\u1ed9ng<\/h3>\n<ul class=\"square\">\n<li>\u6771\u4eac\u30e1\u30c8\u30ed\u65e5\u6bd4\u8c37\u7dda\u300c\u5165\u8c37\u300d\u99c5\u4e0b\u8eca\u3000\u5f92\u6b696\u5206<\/li>\n<li>\u6771\u4eac\u30e1\u30c8\u30ed\u9280\u5ea7\u7dda\u300c\u7a32\u8377\u753a\u300d\u99c5\u4e0b\u8eca\u3000\u5f92\u6b698\u5206<\/li>\n<li>\uff2a\uff32\u5c71\u624b\u7dda\u300c\u9daf\u8c37\u300d\u99c5\u4e0b\u8eca\u3000\u5f92\u6b6910\u5206<\/li>\n<li>\uff2a\uff32\u5c71\u624b\u7dda\u300c\u4e0a\u91ce\u300d\u99c5\u4e0b\u8eca\u3000\u5f92\u6b6912\u5206<\/li>\n<\/ul>\n<\/div>\n<\/div>\n<\/div>\n<h2>\u84b2\u7530\u652f\u5e97<\/h2>\n<div class=\"text20\">\n<div class=\"layout_box\">\n<div class=\"box-item40 gmap\"><iframe loading=\"lazy\" style=\"border: 0;\" tabindex=\"0\" src=\"https:\/\/www.google.com\/maps\/embed?pb=!1m18!1m12!1m3!1d3245.5189925546943!2d139.74361825105103!3d35.56557994381582!2m3!1f0!2f0!3f0!3m2!1i1024!2i768!4f13.1!3m3!1m2!1s0x60186109a1ee6021%3A0x6db25e3ad22ee94b!2z44CSMTQzLTAwMTMg5p2x5Lqs6YO95aSn55Sw5Yy65aSn5qOu5Y2X77yU5LiB55uu77yR77yU4oiS77yR77yU!5e0!3m2!1sja!2sjp!4v1608118575480!5m2!1sja!2sjp\" width=\"600\" height=\"450\" frameborder=\"0\" allowfullscreen=\"allowfullscreen\" aria-hidden=\"false\"><\/iframe><\/div>\n<div class=\"box-item60 text\">\n<p>\u3012143-0013\u3000\u6771\u4eac\u90fd\u5927\u7530\u533a\u5927\u68ee\u53574\u4e01\u76ee14\u756a14\u53f7<br \/>\nTEL 03-3745-2491\uff08\u4ee3\u8868\uff09<br \/>\nFAX 03-3745-2490<\/p>\n<h3 class=\"lv_h3\">ph\u01b0\u01a1ng ti\u1ec7n giao th\u00f4ng c\u00f4ng c\u1ed9ng<\/h3>\n<ul class=\"square\">\n<li>\u4eac\u6d5c\u6025\u884c\u300c\u5e73\u548c\u5cf6\u300d\u99c5\u4e0b\u8eca<br \/>\n\u68ee\u30f6\u5d0e\u884c\u304d\u30d0\u30b9\u300c\u68ee\u30f6\u5d0e\u300d\u30d0\u30b9\u505c\u4e0b\u8eca\u3000\u5f92\u6b693\u5206<\/li>\n<\/ul>\n<\/div>\n<\/div>\n<\/div>\n<h2>\u539a\u6728\u652f\u5e97\uff08\u5341\u5ddd\u30b4\u30e0\u9ad8\u5727\u30db\u30fc\u30b9\u91d1\u5177\u30a2\u30bb\u30f3\u30d6\u30ea\u5de5\u5834\uff09<\/h2>\n<div class=\"text20\">\n<div class=\"layout_box\">\n<div class=\"box-item40 gmap\"><iframe loading=\"lazy\" style=\"border: 0;\" tabindex=\"0\" src=\"https:\/\/www.google.com\/maps\/embed?pb=!1m18!1m12!1m3!1d3251.185153257014!2d139.35947525104817!3d35.4254431514676!2m3!1f0!2f0!3f0!3m2!1i1024!2i768!4f13.1!3m3!1m2!1s0x6019aacc6a5f62a9%3A0xf426814391f6db4c!2z44CSMjQzLTAwMjEg56We5aWI5bed55yM5Y6a5pyo5biC5bKh55Sw77yT5LiB55uu77yR77yS4oiS77yT!5e0!3m2!1sja!2sjp!4v1608118596764!5m2!1sja!2sjp\" width=\"600\" height=\"450\" frameborder=\"0\" allowfullscreen=\"allowfullscreen\" aria-hidden=\"false\"><\/iframe><\/div>\n<div class=\"box-item60 text\">\n<p>\u3012243-0021 \u795e\u5948\u5ddd\u770c\u539a\u6728\u5e02\u5ca1\u75303\u4e01\u76ee12\u756a3\u53f7<br \/>\nTEL 046-228-8805\uff08\u4ee3\u8868\uff09<br \/>\nFAX 046-228-8839<\/p>\n<h3 class=\"lv_h3\">ph\u01b0\u01a1ng ti\u1ec7n giao th\u00f4ng c\u00f4ng c\u1ed9ng<\/h3>\n<ul class=\"square\">\n<li>\u5c0f\u7530\u6025\u7dda\u300c\u672c\u539a\u6728\u300d\u99c5\u4e0b\u8eca\u3000\u5f92\u6b6920\u5206<\/li>\n<\/ul>\n<\/div>\n<\/div>\n<\/div>\n<h2>\u5317\u95a2\u6771\u652f\u5e97<\/h2>\n<div class=\"text20\">\n<div class=\"layout_box\">\n<div class=\"box-item40 gmap\"><iframe loading=\"lazy\" style=\"border: 0;\" tabindex=\"0\" src=\"https:\/\/www.google.com\/maps\/embed?pb=!1m18!1m12!1m3!1d3223.6468460816714!2d139.462818551062!3d36.10209591428437!2m3!1f0!2f0!3f0!3m2!1i1024!2i768!4f13.1!3m3!1m2!1s0x601f2c92fb4f01c9%3A0x7d80a0bd09fe309b!2z44CSMzY5LTAxMTMg5Z-8546J55yM6bS75bej5biC5LiL5b-N77yT77yZ77yW77yY4oiS77yV!5e0!3m2!1sja!2sjp!4v1608118614858!5m2!1sja!2sjp\" width=\"600\" height=\"450\" frameborder=\"0\" allowfullscreen=\"allowfullscreen\" aria-hidden=\"false\"><\/iframe><\/div>\n<div class=\"box-item60 text\">\n<p>\u3012369-0113 \u57fc\u7389\u770c\u9d3b\u5de3\u5e02\u4e0b\u5fcd3968-5<br \/>\nTEL 048-548-6551\uff08\u4ee3\u8868\uff09<br \/>\nFAX 048-548-3376<\/p>\n<h3 class=\"lv_h3\">ph\u01b0\u01a1ng ti\u1ec7n giao th\u00f4ng c\u00f4ng c\u1ed9ng<\/h3>\n<ul class=\"square\">\n<li>\uff2a\uff32\u9ad8\u5d0e\u7dda\u300c\u5439\u4e0a\u300d\u99c5\u4e0b\u8eca\u3000\u5f92\u6b6918\u5206<\/li>\n<\/ul>\n<\/div>\n<\/div>\n<\/div>\n<h2>\u6a39\u8102\u52a0\u5de5\u30bb\u30f3\u30bf\u30fc\uff08TJKC\uff09<\/h2>\n<div class=\"text20\">\n<div class=\"layout_box\">\n<div class=\"box-item40 gmap\"><iframe loading=\"lazy\" style=\"border: 0;\" tabindex=\"0\" src=\"https:\/\/www.google.com\/maps\/embed?pb=!1m18!1m12!1m3!1d3239.9526890477605!2d139.868327151054!3d35.70278183629951!2m3!1f0!2f0!3f0!3m2!1i1024!2i768!4f13.1!3m3!1m2!1s0x601886397975d389%3A0x6b7a4c24eb98f1ae!2z44CSMTMyLTAwMjUg5p2x5Lqs6YO95rGf5oi45bed5Yy65p2-5rGf77yR5LiB55uu77yS77yU4oiS77yV!5e0!3m2!1sja!2sjp!4v1608118632729!5m2!1sja!2sjp\" width=\"600\" height=\"450\" frameborder=\"0\" allowfullscreen=\"allowfullscreen\" aria-hidden=\"false\"><\/iframe><\/div>\n<div class=\"box-item60 text\">\n<p>\u3012132-0025 \u6771\u4eac\u90fd\u6c5f\u6238\u5ddd\u533a\u677e\u6c5f1\u4e01\u76ee24\u756a5\u53f7<br \/>\nTEL 03-3656-9945\uff08\u4ee3\u8868\uff09<br \/>\nFAX 03-3656-2032<\/p>\n<h3 class=\"lv_h3\">ph\u01b0\u01a1ng ti\u1ec7n giao th\u00f4ng c\u00f4ng c\u1ed9ng<\/h3>\n<ul class=\"square\">\n<li>\uff2a\uff32\u7dcf\u6b66\u7dda\u300c\u65b0\u5c0f\u5ca9\u300d\u99c5\u5357\u53e3\u4e0b\u8eca<br \/>\n\u90fd\u30d0\u30b9\u300c\u845b\u897f\u300d\u307e\u305f\u306f\u300c\u897f\u845b\u897f\u300d\u884c\u304d<br \/>\n\u300c\u4eac\u8449\u4ea4\u5dee\u70b9\u300d\u30d0\u30b9\u505c\u4e0b\u8eca\u5f92\u6b693\u5206<\/li>\n<\/ul>\n<\/div>\n<\/div>\n<\/div>\n<h2>\u3055\u304f\u3089\u55b6\u696d\u6240<\/h2>\n<div class=\"text20\">\n<div class=\"layout_box\">\n<div class=\"box-item40 gmap\"><iframe loading=\"lazy\" style=\"border: 0;\" tabindex=\"0\" src=\"https:\/\/www.google.com\/maps\/embed?pb=!1m18!1m12!1m3!1d3238.674207957711!2d140.18300785105453!3d35.73423013457319!2m3!1f0!2f0!3f0!3m2!1i1024!2i768!4f13.1!3m3!1m2!1s0x60228882c2d07fb5%3A0x5fa4488c26a4f307!2z44CSMjg1LTA4NjMg5Y2D6JGJ55yM5L2Q5YCJ5biC6Ie85LqV77yS77yZ77yR4oiS77yX!5e0!3m2!1sja!2sjp!4v1608118651067!5m2!1sja!2sjp\" width=\"600\" height=\"450\" frameborder=\"0\" allowfullscreen=\"allowfullscreen\" aria-hidden=\"false\"><\/iframe><\/div>\n<div class=\"box-item60 text\">\n<p>\u3012285-0863 \u5343\u8449\u770c\u4f50\u5009\u5e02\u81fc\u4e95291-7<br \/>\nTEL 043-460-0655\uff08\u4ee3\u8868\uff09<br \/>\nFAX 043-489-8100<\/p>\n<h3 class=\"lv_h3\">ph\u01b0\u01a1ng ti\u1ec7n giao th\u00f4ng c\u00f4ng c\u1ed9ng<\/h3>\n<ul class=\"square\">\n<li>\u4eac\u6210\u672c\u7dda\u300c\u4eac\u6210\u81fc\u4e95\u300d\u99c5\u4e0b\u8eca\u3000\u5f92\u6b69\uff18\u5206<\/li>\n<\/ul>\n<\/div>\n<\/div>\n<\/div>\n<\/section>\n","protected":false},"excerpt":{"rendered":"<p>&nbsp; Gi\u1edbi thi\u1ec7u C\u00f4ng ty Th\u01b0\u01a1ng hi\u1ec7u TOKYO BELT CO.,LTD S\u00e1ng l\u1eadp Th\u00e1ng 5 n\u0103m 1946 Th\u00e0nh l\u1eadp c\u00f4ng ty Th\u00e1ng 11  [&hellip;]<\/p>\n","protected":false},"author":4,"featured_media":0,"parent":0,"menu_order":9,"comment_status":"closed","ping_status":"closed","template":"","meta":{"_acf_changed":false,"om_disable_all_campaigns":false,"_monsterinsights_skip_tracking":false,"_monsterinsights_sitenote_active":false,"_monsterinsights_sitenote_note":"","_monsterinsights_sitenote_category":0,"_locale":"vi","_original_post":"http:\/\/tobel.s53.coreserver.jp\/roadbridge-tokyo.com\/wp\/?page_id=256","footnotes":""},"class_list":["post-869","page","type-page","status-publish","hentry","vi"],"acf":[],"aioseo_notices":[],"_links":{"self":[{"href":"https:\/\/roadbridge-tokyo.com\/wp-json\/wp\/v2\/pages\/869","targetHints":{"allow":["GET"]}}],"collection":[{"href":"https:\/\/roadbridge-tokyo.com\/wp-json\/wp\/v2\/pages"}],"about":[{"href":"https:\/\/roadbridge-tokyo.com\/wp-json\/wp\/v2\/types\/page"}],"author":[{"embeddable":true,"href":"https:\/\/roadbridge-tokyo.com\/wp-json\/wp\/v2\/users\/4"}],"replies":[{"embeddable":true,"href":"https:\/\/roadbridge-tokyo.com\/wp-json\/wp\/v2\/comments?post=869"}],"version-history":[{"count":6,"href":"https:\/\/roadbridge-tokyo.com\/wp-json\/wp\/v2\/pages\/869\/revisions"}],"predecessor-version":[{"id":1293,"href":"https:\/\/roadbridge-tokyo.com\/wp-json\/wp\/v2\/pages\/869\/revisions\/1293"}],"wp:attachment":[{"href":"https:\/\/roadbridge-tokyo.com\/wp-json\/wp\/v2\/media?parent=869"}],"curies":[{"name":"wp","href":"https:\/\/api.w.org\/{rel}","templated":true}]}}