{"id":799,"date":"2023-10-20T12:45:57","date_gmt":"2023-10-20T03:45:57","guid":{"rendered":"https:\/\/roadbridge-tokyo.com\/wp\/?page_id=799"},"modified":"2023-11-24T13:41:25","modified_gmt":"2023-11-24T04:41:25","slug":"about","status":"publish","type":"page","link":"https:\/\/roadbridge-tokyo.com\/vi\/about\/","title":{"rendered":"Th\u1ebf m\u1ea1nh c\u1ee7a C\u00f4ng ty"},"content":{"rendered":"<p>&nbsp;<\/p>\n<section class=\"wrapper section\">\n<div class=\"text20\">\n<p>S\u1eeda ch\u1eefa \u0111\u01b0\u1eddng NAVI l\u00e0 trang web do C\u00f4ng ty Tokyo Belt Co.,Ltd v\u1eadn h\u00e0nh nh\u1eb1m gi\u1edbi thi\u1ec7u nh\u1eefng th\u00f4ng tin h\u1eefu \u00edch v\u1ec1 th\u1ef1c hi\u1ec7n b\u1ea3o tr\u00ec m\u1eb7t \u0111\u01b0\u1eddng kh\u00f4ng g\u1eadp g\u1ec1nh, kh\u00f4ng \u1ed5 g\u00e0 b\u1eb1ng ph\u01b0\u01a1ng ph\u00e1p s\u1eeda ch\u1eefa cho \u0111\u1ed9 b\u1ec1n cao s\u1eed d\u1ee5ng h\u1ed7n h\u1ee3p Falcon n\u00f3ng ch\u1ea3y mang l\u1ea1i s\u1ef1 an t\u00e2m, an to\u00e0n cho ng\u01b0\u1eddi l\u01b0u th\u00f4ng tr\u00ean \u0111\u01b0\u1eddng .  \t\t\t\t<\/p>\n<p>C\u00f4ng ty Tokyo Belt.,Ltd cung c\u1ea5p gi\u1ea3i ph\u00e1p s\u1eeda ch\u1eefa \u0111\u01b0\u1eddng, k\u1ebft n\u1ed1i c\u1ea7u s\u1eed d\u1ee5ng v\u1eadt li\u1ec7u Falcon n\u00f3ng ch\u1ea3y c\u00f3 t\u00ednh \u0111\u00e0n h\u1ed3i \u0111\u1ec3 x\u1eed l\u00fd c\u00e1c v\u1ea5n \u0111\u1ec1 h\u1ecfng h\u1ecdc c\u1ee7a m\u1eb7t \u0111\u01b0\u1eddng nh\u01b0 g\u1eadp g\u1ec1nh, rung \u1ea7m, \t\t\t\t<\/p>\n<p>Falcon l\u00e0 v\u1eadt li\u1ec7u c\u00f3 kh\u1ea3 n\u0103ng tr\u1ea3i m\u1eb7t \u0111\u01b0\u1eddng b\u1eb1ng ph\u1eb3ng, li\u00ean t\u1ee5c, kh\u00f4ng g\u1eadp g\u1ec1nh. Ngo\u00e0i ra, v\u1eadt li\u1ec7u Falcon c\u00f2n c\u00f3 t\u00e1c d\u1ee5ng \u1ee9c ch\u1ebf t\u1ed1t \u0111\u1ed1i v\u1edbi v\u1ebft n\u1ee9t, h\u1eefu hi\u1ec7u v\u00e0 duy tr\u00ec \u0111\u1ed9 b\u1ec1n cao trong s\u1eeda ch\u1eefa c\u00e1c \u0111i\u1ec3m ph\u1ea3i s\u1eeda ch\u1eefa l\u1eb7p l\u1ea1i nhi\u1ec1u l\u1ea7n hay \u0111\u01b0\u1eddng c\u00f3 l\u01b0u l\u01b0\u1ee3ng xe l\u01b0u th\u00f4ng \u0111\u00f4ng \u0111\u00fac.      \t\t\t\t<\/p>\n<p>C\u00f4ng ty ch\u00fang t\u00f4i chuy\u00ean h\u1ed7 tr\u1ee3 c\u00e1c \u0111\u1ed1i t\u00e1c \u0111\u1ea3m nh\u1eadn c\u00f4ng vi\u1ec7c qu\u1ea3n l\u00fd, duy tu \u0111\u01b0\u1eddng v\u1edbi c\u00e1c gi\u1ea3i ph\u00e1p c\u00f3 th\u1ec3 gi\u1ea3m thi\u1ec3u chi ph\u00ed s\u1eeda ch\u1eefa, th\u1ef1c hi\u1ec7n s\u1eeda ch\u1eefa h\u1ecfng h\u00f3c ban \u0111\u1ea7u b\u1eb1ng xe chuy\u00ean d\u1ee5ng, ng\u0103n ng\u1eeba r\u1ecf r\u1ec9 n\u01b0\u1edbc xu\u1ed1ng ph\u1ea7n d\u01b0\u1edbi g\u1ea7m c\u1ea7u, c\u1ea7u c\u1ea1n.   \t\t\t\t<\/p>\n<p>&nbsp;<\/p>\n<\/div>\n<\/section>\n<section class=\"section point1\">\n<div class=\"wrapper\">\n<div class=\"text20\">\n<h1>Point1\u3000To\u00e0n t\u00e2m to\u00e0n \u00fd \u1ee9ng ph\u00f3 nh\u1eefng v\u1ea5n \u0111\u1ec1 quen thu\u1ed9c nh\u01b0 ti\u1ebfng \u1ed3n\/rung \u0111\u1ed9ng\/ch\u00eanh cao, c\u1ee7a m\u1eb7t \u0111\u01b0\u1eddng\uff01<\/h1>\n<div class=\"photos\"><img loading=\"lazy\" decoding=\"async\" class=\"alignnone size-full wp-image-592\" src=\"https:\/\/roadbridge-tokyo.com\/wp\/wp-content\/uploads\/2021\/06\/20670d46d8005622672679317ca55973.jpg\" alt=\"\" width=\"800\" height=\"533\" srcset=\"https:\/\/roadbridge-tokyo.com\/wp\/wp-content\/uploads\/2021\/06\/20670d46d8005622672679317ca55973.jpg 800w, https:\/\/roadbridge-tokyo.com\/wp\/wp-content\/uploads\/2021\/06\/20670d46d8005622672679317ca55973-300x200.jpg 300w, https:\/\/roadbridge-tokyo.com\/wp\/wp-content\/uploads\/2021\/06\/20670d46d8005622672679317ca55973-768x512.jpg 768w\" sizes=\"auto, (max-width: 800px) 100vw, 800px\" \/><img loading=\"lazy\" decoding=\"async\" class=\"alignnone size-full wp-image-593\" src=\"https:\/\/roadbridge-tokyo.com\/wp\/wp-content\/uploads\/2021\/06\/e7011e24f37366222018e2d18c56ba16.jpg\" alt=\"\" width=\"800\" height=\"533\" srcset=\"https:\/\/roadbridge-tokyo.com\/wp\/wp-content\/uploads\/2021\/06\/e7011e24f37366222018e2d18c56ba16.jpg 800w, https:\/\/roadbridge-tokyo.com\/wp\/wp-content\/uploads\/2021\/06\/e7011e24f37366222018e2d18c56ba16-300x200.jpg 300w, https:\/\/roadbridge-tokyo.com\/wp\/wp-content\/uploads\/2021\/06\/e7011e24f37366222018e2d18c56ba16-768x512.jpg 768w\" sizes=\"auto, (max-width: 800px) 100vw, 800px\" \/><\/div>\n<div>C\u00f4ng ty Tokyo Belt.,Ltd l\u00e0 doanh nghi\u1ec7p v\u1eadn h\u00e0nh trang web S\u1eeda ch\u1eefa \u0111\u01b0\u1eddng NAVI theo m\u00f4 h\u00ecnh c\u00f4ng ngh\u1ec7, k\u1ef9 thu\u1eadt, th\u01b0\u01a1ng m\u1ea1i nh\u1eb1m cung c\u1ea5p m\u1ed9t d\u1ecbch v\u1ee5 h\u1ed7 tr\u1ee3 tr\u1ecdn g\u00f3i t\u1eeb kh\u1ea3o s\u00e1t hi\u1ec7n tr\u01b0\u1eddng, \u0111\u1ec1 xu\u1ea5t k\u1ef9 thu\u1eadt\/\u0111\u1ec1 xu\u1ea5t thi\u1ebft k\u1ebf, thi c\u00f4ng (gi\u00e1m s\u00e1t thi c\u00f4ng) v\u00e0 \u0111\u1ec1 xu\u1ea5t ph\u01b0\u01a1ng \u00e1n duy tu b\u1ea3o d\u01b0\u1ee1ng.   \t\t\t\t<\/div>\n<div>\n<p>H\u1ed7 tr\u1ee3 cho d\u1ecbch v\u1ee5 tr\u1ecdn g\u00f3i n\u00e0y l\u00e0 Heat Rock Industry Co.,Ltd, \u0111\u01a1n v\u1ecb s\u1ea3n xu\u1ea5t h\u1ed7n h\u1ee3p Falcon n\u00f3ng ch\u1ea3y, c\u00f3 \u0111\u1ed9 \u0111\u00e0n h\u1ed3i cao v\u00e0 c\u00e1c \u0111\u1ed1i t\u00e1c thi c\u00f4ng \u1edf kh\u1eafp c\u00e1c \u0111\u1ecba ph\u01b0\u01a1ng. \t\t\t\t<\/p>\n<p>H\u01b0 h\u1ecfng c\u1ee7a \u0111\u01b0\u1eddng, c\u1ea7u kh\u00f4ng \u0111\u01a1n gi\u1ea3n ch\u1ec9 l\u00e0 v\u00e1 s\u1eeda ch\u1ed7 h\u1ecfng \u0111\u00f3 m\u00e0 c\u1ea7n ph\u00e0i c\u00f3 m\u1ed9t \u0111\u1ec1 xu\u1ea5t s\u1eeda ch\u1eefa \u0111\u1ee9ng t\u1eeb quan \u0111i\u1ec3m v\u1ec1 l\u00e2u d\u00e0i s\u1ebd c\u00f3 th\u1ec3 gi\u1ea3m chi ph\u00ed duy tu b\u1ea3o d\u01b0\u1ee1ng c\u1ee7a ch\u00ednh quy\u1ec1n \u0111\u1ecba ph\u01b0\u01a1ng, c\u1ea3i thi\u1ec7n m\u00f4i tr\u01b0\u1eddng s\u1ed1ng nh\u01b0 ti\u1ebfng \u1ed3n, \u0111\u1ed9 rung\u2026<br \/>\nTrong l\u0129nh v\u1ef1c c\u1ea7u, \u0111\u01b0\u1eddng, \u0111\u1ec3 \u0111\u1ea1t \u0111\u01b0\u1ee3c s\u1ef1 an to\u00e0n trong l\u01b0u th\u00f4ng, c\u1ea3i thi\u1ec7n m\u00f4i tr\u01b0\u1eddng s\u1ed1ng, c\u1eaft gi\u1ea3m chi ph\u00ed qu\u1ea3n l\u00fd b\u1ea3o d\u01b0\u1ee1ng duy tu \u0111\u00f2i h\u1ecfi t\u1ea5t c\u1ea3 c\u00e1c c\u00f4ng \u0111o\u1ea1n t\u1eeb kh\u1ea3o s\u00e1t hi\u1ec7n tr\u01b0\u1eddng \u0111\u1ebfn \u0111\u1ec1 xu\u1ea5t k\u1ef9 thu\u1eadt thi\u1ebft k\u1ebf, thi c\u00f4ng (gi\u00e1m s\u00e1t thi c\u00f4ng), b\u1ea3o d\u01b0\u1ee1ng \u0111\u1ec1u \u0111\u01b0\u1ee3c th\u1ef1c hi\u1ec7n theo c\u00e1ch nh\u00ecn c\u1ee7a ng\u01b0\u1eddi s\u1eed d\u1ee5ng. \u0110\u00e2y l\u00e0 y\u1ebfu t\u1ed1 r\u1ea5t quan tr\u1ecdng v\u00e0 Tokyo Belt Co.,Ltd \u0111\u00e3 x\u00e2y d\u1ef1ng \u0111\u01b0\u1ee3c m\u00f4 h\u00ecnh \u0111\u00f3 c\u00f9ng v\u1edbi s\u1ef1 k\u1ebft n\u1ed1i \u0111\u1ed1i t\u00e1c tin c\u1eady v\u1edbi nh\u00e0 cung c\u1ea5p nguy\u00ean li\u1ec7u, nh\u00e0 th\u1ea7u thi c\u00f4ng.     \t\t\t\t<\/p>\n<\/div>\n<div class=\"text\"><\/div>\n<\/div>\n<\/div>\n<\/section>\n<section class=\"section point2\">\n<div class=\"wrapper\">\n<div class=\"text20\">\n<h1>Point2\u3000&#8221;\u0110\u1ec1 xu\u1ea5t thi c\u00f4ng khe co gi\u00e3n th\u00edch h\u1ee3p nh\u1ea5t \u0111\u1ec3 s\u1eeda ch\u1eefa nh\u1eefng c\u00e2y c\u1ea7u c\u00f3 quy m\u00f4 v\u1eeba v\u00e0 nh\u1ecf!&#8221;<\/h1>\n<div class=\"photos\"><img loading=\"lazy\" decoding=\"async\" class=\"alignnone size-full wp-image-594\" src=\"https:\/\/roadbridge-tokyo.com\/wp\/wp-content\/uploads\/2021\/06\/9cd70f13351d961e4c946f0565dbd4cd.jpg\" alt=\"\" width=\"800\" height=\"533\" srcset=\"https:\/\/roadbridge-tokyo.com\/wp\/wp-content\/uploads\/2021\/06\/9cd70f13351d961e4c946f0565dbd4cd.jpg 800w, https:\/\/roadbridge-tokyo.com\/wp\/wp-content\/uploads\/2021\/06\/9cd70f13351d961e4c946f0565dbd4cd-300x200.jpg 300w, https:\/\/roadbridge-tokyo.com\/wp\/wp-content\/uploads\/2021\/06\/9cd70f13351d961e4c946f0565dbd4cd-768x512.jpg 768w\" sizes=\"auto, (max-width: 800px) 100vw, 800px\" \/><img loading=\"lazy\" decoding=\"async\" class=\"alignnone size-full wp-image-595\" src=\"https:\/\/roadbridge-tokyo.com\/wp\/wp-content\/uploads\/2021\/06\/f4834a22b6643259194b084fc6cd5f27.jpg\" alt=\"\" width=\"800\" height=\"533\" srcset=\"https:\/\/roadbridge-tokyo.com\/wp\/wp-content\/uploads\/2021\/06\/f4834a22b6643259194b084fc6cd5f27.jpg 800w, https:\/\/roadbridge-tokyo.com\/wp\/wp-content\/uploads\/2021\/06\/f4834a22b6643259194b084fc6cd5f27-300x200.jpg 300w, https:\/\/roadbridge-tokyo.com\/wp\/wp-content\/uploads\/2021\/06\/f4834a22b6643259194b084fc6cd5f27-768x512.jpg 768w\" sizes=\"auto, (max-width: 800px) 100vw, 800px\" \/><\/div>\n<div><\/div>\n<div>S\u1eeda ch\u1eefa \u0111\u01b0\u1eddng NAVI cung c\u1ea5p gi\u1ea3i ph\u00e1p kh\u1edbp n\u1ed1i li\u1ec1n m\u1ea1ch theo thi\u1ebft k\u1ebf kh\u1edbi n\u1ed1i x\u00e2y ch\u00f4n ph\u00f9 h\u1ee3p nh\u1ea5t trong s\u1eeda ch\u1eefa c\u1ea7u c\u00f3 quy m\u00f4 v\u1eeba v\u00e0 nh\u1ecf. Kh\u1edbp n\u1ed1i li\u1ec1n m\u1ea1ch l\u00e0 gi\u1ea3i ph\u00e1p \u01b0u vi\u1ec7t \u0111\u1ec3 c\u1ea3i thi\u1ec7n c\u00e1c v\u1ea5n \u0111\u1ec1 nh\u01b0 ti\u1ebfng \u1ed3n, rung. Ngo\u00e0i ra,  c\u00f2n hi\u1ec7u qu\u1ea3 trong ng\u0103n ch\u1eb7n r\u00f2 ri n\u01b0\u1edbc t\u1eeb ph\u1ea7n k\u1ebft n\u1ed1i n\u00e0y, c\u0169ng l\u00e0 nguy\u00ean nh\u00e2n ch\u00ednh g\u00e2y \u0103n m\u00f2n g\u1ed1i c\u1ea7u<\/div>\n<div>Hi\u1ec7u qu\u1ea3 trong x\u1eed l\u00fd tr\u01a1n tr\u01b0\u1ee3t \u1edf ph\u1ea7n r\u00e3nh d\u1ecdc (khi m\u1edf r\u1ed9ng \u0111\u01b0\u1eddng hay m\u1edf l\u1ed1i ra v\u00e0o, r\u00e3nh d\u1ecdc ph\u00e1t sinh \u1edf ph\u1ea7n k\u1ebft n\u1ed1i gi\u1eefa l\u00e0n \u0111\u01b0\u1eddng m\u1edbi m\u1edf v\u1edbi l\u00e0n \u0111\u01b0\u1eddng hi\u1ec7n c\u00f3), m\u1ed9t trong nh\u1eefng nguy\u00ean nh\u00e2n g\u00e2y c\u00e1c s\u1ef1 v\u1ee5 tai n\u1ea1n xe m\u00f4 t\u00f4.<\/div>\n<div>Kh\u1edbp n\u1ed1i li\u1ec1n m\u1ea1ch s\u1eed d\u1ee5ng h\u1ed7n h\u1ee3p Falcon n\u00f3ng ch\u1ea3y c\u00f3 t\u00ednh \u0111\u00e0n h\u1ed3i s\u1ebd kh\u00f4ng ch\u1ec9 c\u00f3 \u0111\u1eb7c \u0111i\u1ec3m n\u1ed5i tr\u1ed9i l\u00e0 c\u00f3 \u0111\u1ed9 b\u1ec1n cao m\u00e0 c\u00f2n c\u00f3 th\u1ec3 ch\u1ec9 c\u1ea7n s\u1eeda ch\u1eefa b\u1ec1 m\u1eb7t, kh\u00f4ng c\u1ea7n thay to\u00e0n b\u1ed9 k\u1ebft c\u1ea5u \u0111\u01b0\u1eddng, h\u1ed7 tr\u1ee3 t\u1ed1i \u0111a cho gi\u1ea3m thi\u1ec3u chi ph\u00ed qu\u1ea3n l\u00fd b\u1ea3o d\u01b0\u1ee1ng duy<\/div>\n<div class=\"text\"><\/div>\n<\/div>\n<\/div>\n<\/section>\n<section class=\"section point3\">\n<div class=\"wrapper\">\n<div class=\"text20\">\n<h1>Point3\u3000Gi\u1ea3m chi ph\u00ed v\u00f2ng \u0111\u1eddi s\u1ea3n ph\u1ea9m v\u1edbi h\u1ed7n h\u1ee3p gia nhi\u1ec7t \u0111\u00e0n h\u1ed3i c\u00f3 \u0111\u1ed9 b\u1ec1n cao!<\/h1>\n<div class=\"photos\"><img loading=\"lazy\" decoding=\"async\" class=\"alignnone wp-image-601 size-full\" src=\"https:\/\/roadbridge-tokyo.com\/wp\/wp-content\/uploads\/2021\/06\/pexels-aleksejs-bergmanis-681347-1.jpg\" alt=\"\" width=\"800\" height=\"533\" srcset=\"https:\/\/roadbridge-tokyo.com\/wp\/wp-content\/uploads\/2021\/06\/pexels-aleksejs-bergmanis-681347-1.jpg 800w, https:\/\/roadbridge-tokyo.com\/wp\/wp-content\/uploads\/2021\/06\/pexels-aleksejs-bergmanis-681347-1-300x200.jpg 300w, https:\/\/roadbridge-tokyo.com\/wp\/wp-content\/uploads\/2021\/06\/pexels-aleksejs-bergmanis-681347-1-768x512.jpg 768w\" sizes=\"auto, (max-width: 800px) 100vw, 800px\" \/><img loading=\"lazy\" decoding=\"async\" class=\"alignnone wp-image-604 size-full\" src=\"https:\/\/roadbridge-tokyo.com\/wp\/wp-content\/uploads\/2021\/06\/3a4f695a458cb0ac0aceaa2eb13ac2dd.jpg\" alt=\"\" width=\"800\" height=\"533\" srcset=\"https:\/\/roadbridge-tokyo.com\/wp\/wp-content\/uploads\/2021\/06\/3a4f695a458cb0ac0aceaa2eb13ac2dd.jpg 800w, https:\/\/roadbridge-tokyo.com\/wp\/wp-content\/uploads\/2021\/06\/3a4f695a458cb0ac0aceaa2eb13ac2dd-300x200.jpg 300w, https:\/\/roadbridge-tokyo.com\/wp\/wp-content\/uploads\/2021\/06\/3a4f695a458cb0ac0aceaa2eb13ac2dd-768x512.jpg 768w\" sizes=\"auto, (max-width: 800px) 100vw, 800px\" \/><\/div>\n<div>S\u1eeda ch\u1eefa \u0111\u01b0\u1eddng NAVI cung c\u1ea5p gi\u1ea3i ph\u00e1p kh\u1edbp n\u1ed1i li\u1ec1n m\u1ea1ch theo thi\u1ebft k\u1ebf kh\u1edbi n\u1ed1i x\u00e2y ch\u00f4n ph\u00f9 h\u1ee3p nh\u1ea5t trong s\u1eeda ch\u1eefa c\u1ea7u c\u00f3 quy m\u00f4 v\u1eeba v\u00e0 nh\u1ecf. Kh\u1edbp n\u1ed1i li\u1ec1n m\u1ea1ch gi\u1ea3m thi\u1ec3u ti\u1ebfng \u1ed3n, rung, c\u1ea3i c\u1ea3i thi\u1ec7n<\/div>\n<div>Hi\u1ec7u qu\u1ea3 trong x\u1eed l\u00fd tr\u01a1n tr\u01b0\u1ee3t \u1edf ph\u1ea7n r\u00e3nh d\u1ecdc (khi m\u1edf r\u1ed9ng \u0111\u01b0\u1eddng hay m\u1edf l\u1ed1i ra v\u00e0o, r\u00e3nh d\u1ecdc ph\u00e1t sinh \u1edf ph\u1ea7n k\u1ebft n\u1ed1i gi\u1eefa l\u00e0n \u0111\u01b0\u1eddng m\u1edbi m\u1edf v\u1edbi l\u00e0n \u0111\u01b0\u1eddng hi\u1ec7n c\u00f3), m\u1ed9t trong nh\u1eefng nguy\u00ean nh\u00e2n g\u00e2y c\u00e1c s\u1ef1 v\u1ee5 tai n\u1ea1n xe m\u00f4 t\u00f4.<\/div>\n<div>Kh\u1edbp n\u1ed1i li\u1ec1n m\u1ea1ch s\u1eed d\u1ee5ng h\u1ed7n h\u1ee3p Falcon n\u00f3ng ch\u1ea3y c\u00f3 t\u00ednh \u0111\u00e0n h\u1ed3i s\u1ebd kh\u00f4ng ch\u1ec9 c\u00f3 \u0111\u1eb7c \u0111i\u1ec3m n\u1ed5i tr\u1ed9i l\u00e0 c\u00f3 \u0111\u1ed9 b\u1ec1n cao m\u00e0 c\u00f2n c\u00f3 th\u1ec3 ch\u1ec9 c\u1ea7n s\u1eeda ch\u1eefa b\u1ec1 m\u1eb7t, kh\u00f4ng c\u1ea7n thay to\u00e0n b\u1ed9 k\u1ebft c\u1ea5u \u0111\u01b0\u1eddng, h\u1ed7 tr\u1ee3 t\u1ed1i \u0111a cho gi\u1ea3m thi\u1ec3u chi ph\u00ed qu\u1ea3n l\u00fd b\u1ea3o d\u01b0\u1ee1ng duy tu.<\/div>\n<div class=\"text\">\n<p>&nbsp;<\/p>\n<\/div>\n<\/div>\n<\/div>\n<\/section>\n","protected":false},"excerpt":{"rendered":"<p>&nbsp; S\u1eeda ch\u1eefa \u0111\u01b0\u1eddng NAVI l\u00e0 trang web do C\u00f4ng ty Tokyo Belt Co.,Ltd v\u1eadn h\u00e0nh nh\u1eb1m gi\u1edbi thi\u1ec7u nh\u1eefng th\u00f4ng tin [&hellip;]<\/p>\n","protected":false},"author":2,"featured_media":0,"parent":0,"menu_order":10,"comment_status":"closed","ping_status":"closed","template":"","meta":{"_acf_changed":false,"om_disable_all_campaigns":false,"_monsterinsights_skip_tracking":false,"_monsterinsights_sitenote_active":false,"_monsterinsights_sitenote_note":"","_monsterinsights_sitenote_category":0,"_locale":"vi","_original_post":"http:\/\/tobel.s53.coreserver.jp\/roadbridge-tokyo.com\/wp\/?page_id=258","footnotes":""},"class_list":["post-799","page","type-page","status-publish","hentry","vi"],"acf":[],"aioseo_notices":[],"_links":{"self":[{"href":"https:\/\/roadbridge-tokyo.com\/wp-json\/wp\/v2\/pages\/799","targetHints":{"allow":["GET"]}}],"collection":[{"href":"https:\/\/roadbridge-tokyo.com\/wp-json\/wp\/v2\/pages"}],"about":[{"href":"https:\/\/roadbridge-tokyo.com\/wp-json\/wp\/v2\/types\/page"}],"author":[{"embeddable":true,"href":"https:\/\/roadbridge-tokyo.com\/wp-json\/wp\/v2\/users\/2"}],"replies":[{"embeddable":true,"href":"https:\/\/roadbridge-tokyo.com\/wp-json\/wp\/v2\/comments?post=799"}],"version-history":[{"count":2,"href":"https:\/\/roadbridge-tokyo.com\/wp-json\/wp\/v2\/pages\/799\/revisions"}],"predecessor-version":[{"id":926,"href":"https:\/\/roadbridge-tokyo.com\/wp-json\/wp\/v2\/pages\/799\/revisions\/926"}],"wp:attachment":[{"href":"https:\/\/roadbridge-tokyo.com\/wp-json\/wp\/v2\/media?parent=799"}],"curies":[{"name":"wp","href":"https:\/\/api.w.org\/{rel}","templated":true}]}}